{"id":406,"date":"2016-06-24T09:35:51","date_gmt":"2016-06-24T09:35:51","guid":{"rendered":"http:\/\/www.mascabezamenosalcohol.es\/?page_id=406"},"modified":"2016-06-28T09:34:25","modified_gmt":"2016-06-28T09:34:25","slug":"condiciones-de-uso","status":"publish","type":"page","link":"https:\/\/www.mascabezamenosalcohol.com\/menosalcohol\/condiciones-de-uso\/","title":{"rendered":"Condiciones de uso"},"content":{"rendered":"<p>Condiciones de Uso<br \/>\nLos datos recogidos en este cuestionario son an\u00f3nimos, y s\u00f3lo se recoge el email para poder ponernos en contacto contigo en caso de ser el ganador del sorteo. <\/p>\n<p>El resto de los datos permanecer\u00e1n almacenados en la Facultad de Ciencias de la Salud en la sexta planta, departamento de Farmacolog\u00eda de la Universidad de Valladolid hasta octubre de 2016, de forma absolutamente an\u00f3nima.<br \/>\nTus datos de contacto se guardar\u00e1n aparte y entrar\u00e1n en el sorteo.<\/p>\n","protected":false},"excerpt":{"rendered":"<p>Condiciones de Uso Los datos recogidos en este cuestionario son an\u00f3nimos, y s\u00f3lo se recoge el email para poder ponernos en contacto contigo en caso de ser el ganador del sorteo. El resto de los datos permanecer\u00e1n almacenados en la Facultad de Ciencias de la Salud en la sexta planta, departamento de Farmacolog\u00eda de la [&hellip;]<\/p>\n","protected":false},"author":1,"featured_media":0,"parent":0,"menu_order":0,"comment_status":"closed","ping_status":"closed","template":"page-templates\/page_fullwidth.php","meta":{"_bbp_topic_count":0,"_bbp_reply_count":0,"_bbp_total_topic_count":0,"_bbp_total_reply_count":0,"_bbp_voice_count":0,"_bbp_anonymous_reply_count":0,"_bbp_topic_count_hidden":0,"_bbp_reply_count_hidden":0,"_bbp_forum_subforum_count":0,"footnotes":""},"_links":{"self":[{"href":"https:\/\/www.mascabezamenosalcohol.com\/menosalcohol\/wp-json\/wp\/v2\/pages\/406"}],"collection":[{"href":"https:\/\/www.mascabezamenosalcohol.com\/menosalcohol\/wp-json\/wp\/v2\/pages"}],"about":[{"href":"https:\/\/www.mascabezamenosalcohol.com\/menosalcohol\/wp-json\/wp\/v2\/types\/page"}],"author":[{"embeddable":true,"href":"https:\/\/www.mascabezamenosalcohol.com\/menosalcohol\/wp-json\/wp\/v2\/users\/1"}],"replies":[{"embeddable":true,"href":"https:\/\/www.mascabezamenosalcohol.com\/menosalcohol\/wp-json\/wp\/v2\/comments?post=406"}],"version-history":[{"count":4,"href":"https:\/\/www.mascabezamenosalcohol.com\/menosalcohol\/wp-json\/wp\/v2\/pages\/406\/revisions"}],"predecessor-version":[{"id":411,"href":"https:\/\/www.mascabezamenosalcohol.com\/menosalcohol\/wp-json\/wp\/v2\/pages\/406\/revisions\/411"}],"wp:attachment":[{"href":"https:\/\/www.mascabezamenosalcohol.com\/menosalcohol\/wp-json\/wp\/v2\/media?parent=406"}],"curies":[{"name":"wp","href":"https:\/\/api.w.org\/{rel}","templated":true}]}}