{"id":212,"date":"2016-06-06T08:25:06","date_gmt":"2016-06-06T08:25:06","guid":{"rendered":"http:\/\/www.mascabezamenosalcohol.es\/?page_id=212"},"modified":"2023-11-01T20:54:03","modified_gmt":"2023-11-01T20:54:03","slug":"mas-info","status":"publish","type":"page","link":"https:\/\/www.mascabezamenosalcohol.com\/menosalcohol\/mas-info\/","title":{"rendered":"M\u00e1s info"},"content":{"rendered":"<p class=\"p1\"><img loading=\"lazy\" decoding=\"async\" class=\"size-medium wp-image-65 alignleft\" src=\"http:\/\/www.mascabezamenosalcohol.com\/wp-content\/uploads\/2016\/05\/1-1-182x300.png\" alt=\"1\" width=\"182\" height=\"300\" srcset=\"https:\/\/www.mascabezamenosalcohol.com\/menosalcohol\/wp-content\/uploads\/2016\/05\/1-1-182x300.png 182w, https:\/\/www.mascabezamenosalcohol.com\/menosalcohol\/wp-content\/uploads\/2016\/05\/1-1-230x379.png 230w, https:\/\/www.mascabezamenosalcohol.com\/menosalcohol\/wp-content\/uploads\/2016\/05\/1-1-350x576.png 350w, https:\/\/www.mascabezamenosalcohol.com\/menosalcohol\/wp-content\/uploads\/2016\/05\/1-1.png 525w\" sizes=\"(max-width: 182px) 100vw, 182px\" \/><br \/>\n<img loading=\"lazy\" decoding=\"async\" class=\"size-medium wp-image-269 alignright\" src=\"http:\/\/www.mascabezamenosalcohol.com\/wp-content\/uploads\/2016\/06\/flor2-287x300.png\" alt=\"flor2\" width=\"287\" height=\"300\" srcset=\"https:\/\/www.mascabezamenosalcohol.com\/menosalcohol\/wp-content\/uploads\/2016\/06\/flor2-287x300.png 287w, https:\/\/www.mascabezamenosalcohol.com\/menosalcohol\/wp-content\/uploads\/2016\/06\/flor2-768x802.png 768w, https:\/\/www.mascabezamenosalcohol.com\/menosalcohol\/wp-content\/uploads\/2016\/06\/flor2-830x866.png 830w, https:\/\/www.mascabezamenosalcohol.com\/menosalcohol\/wp-content\/uploads\/2016\/06\/flor2-230x240.png 230w, https:\/\/www.mascabezamenosalcohol.com\/menosalcohol\/wp-content\/uploads\/2016\/06\/flor2-350x365.png 350w, https:\/\/www.mascabezamenosalcohol.com\/menosalcohol\/wp-content\/uploads\/2016\/06\/flor2.png 845w\" sizes=\"(max-width: 287px) 100vw, 287px\" \/><\/p>\n<p class=\"p1\">No te creas todo lo que te digan sobre el alcohol y las dem\u00e1s drogas:<\/p>\n<p class=\"p1\">Aqu\u00ed tienes una informaci\u00f3n que te resultar\u00e1 de mucha utilidad.<\/p>\n<p><strong><span style=\"color: #30b3c0;\"><a style=\"color: #30b3c0;\" href=\"http:\/\/www.fad.es\/alcohol\" target=\"_blank\">http:\/\/www.fad.es\/alcohol<\/a><\/span><\/strong><\/p>\n<p><img loading=\"lazy\" decoding=\"async\" class=\"size-medium wp-image-466 aligncenter\" src=\"http:\/\/www.mascabezamenosalcohol.com\/wp-content\/uploads\/2016\/06\/logo_centrado-300x115.png\" alt=\"logo_centrado\" width=\"300\" height=\"115\" srcset=\"https:\/\/www.mascabezamenosalcohol.com\/menosalcohol\/wp-content\/uploads\/2016\/06\/logo_centrado-300x115.png 300w, https:\/\/www.mascabezamenosalcohol.com\/menosalcohol\/wp-content\/uploads\/2016\/06\/logo_centrado-230x88.png 230w, https:\/\/www.mascabezamenosalcohol.com\/menosalcohol\/wp-content\/uploads\/2016\/06\/logo_centrado-350x134.png 350w, https:\/\/www.mascabezamenosalcohol.com\/menosalcohol\/wp-content\/uploads\/2016\/06\/logo_centrado.png 595w\" sizes=\"(max-width: 300px) 100vw, 300px\" \/><\/p>\n<p>&nbsp;<\/p>\n<h4 style=\"text-align: right;\"><strong><span style=\"color: #ffffff;\">S\u00cdGUENOS<\/span>\u00a0<\/strong><\/h4>\n<p style=\"text-align: right;\"><a href=\"https:\/\/www.instagram.com\/mascabezaceroalcohol\/\"><img loading=\"lazy\" decoding=\"async\" class=\"wp-image-578 alignright\" src=\"https:\/\/www.mascabezamenosalcohol.com\/menosalcohol\/wp-content\/uploads\/2016\/05\/insta-150x150.png\" alt=\"insta\" width=\"55\" height=\"55\" srcset=\"https:\/\/www.mascabezamenosalcohol.com\/menosalcohol\/wp-content\/uploads\/2016\/05\/insta-150x150.png 150w, https:\/\/www.mascabezamenosalcohol.com\/menosalcohol\/wp-content\/uploads\/2016\/05\/insta-300x300.png 300w, https:\/\/www.mascabezamenosalcohol.com\/menosalcohol\/wp-content\/uploads\/2016\/05\/insta-230x230.png 230w, https:\/\/www.mascabezamenosalcohol.com\/menosalcohol\/wp-content\/uploads\/2016\/05\/insta-350x350.png 350w, https:\/\/www.mascabezamenosalcohol.com\/menosalcohol\/wp-content\/uploads\/2016\/05\/insta.png 512w\" sizes=\"(max-width: 55px) 100vw, 55px\" \/><\/a><\/p>\n<p><a href=\"https:\/\/www.facebook.com\/profile.php?id=100068605411795\"><img loading=\"lazy\" decoding=\"async\" class=\"alignright wp-image-575\" src=\"https:\/\/www.mascabezamenosalcohol.com\/menosalcohol\/wp-content\/uploads\/2016\/05\/2021_Facebook_icon.svg_-150x150.png\" alt=\"2021_Facebook_icon.svg\" width=\"45\" height=\"45\" srcset=\"https:\/\/www.mascabezamenosalcohol.com\/menosalcohol\/wp-content\/uploads\/2016\/05\/2021_Facebook_icon.svg_-150x150.png 150w, https:\/\/www.mascabezamenosalcohol.com\/menosalcohol\/wp-content\/uploads\/2016\/05\/2021_Facebook_icon.svg_-300x300.png 300w, https:\/\/www.mascabezamenosalcohol.com\/menosalcohol\/wp-content\/uploads\/2016\/05\/2021_Facebook_icon.svg_-768x768.png 768w, https:\/\/www.mascabezamenosalcohol.com\/menosalcohol\/wp-content\/uploads\/2016\/05\/2021_Facebook_icon.svg_-830x830.png 830w, https:\/\/www.mascabezamenosalcohol.com\/menosalcohol\/wp-content\/uploads\/2016\/05\/2021_Facebook_icon.svg_-230x230.png 230w, https:\/\/www.mascabezamenosalcohol.com\/menosalcohol\/wp-content\/uploads\/2016\/05\/2021_Facebook_icon.svg_-350x350.png 350w, https:\/\/www.mascabezamenosalcohol.com\/menosalcohol\/wp-content\/uploads\/2016\/05\/2021_Facebook_icon.svg_.png 1024w\" sizes=\"(max-width: 45px) 100vw, 45px\" \/><\/a><\/p>\n","protected":false},"excerpt":{"rendered":"<p>No te creas todo lo que te digan sobre el alcohol y las dem\u00e1s drogas: Aqu\u00ed tienes una informaci\u00f3n que te resultar\u00e1 de mucha utilidad. http:\/\/www.fad.es\/alcohol &nbsp; S\u00cdGUENOS\u00a0<\/p>\n","protected":false},"author":1,"featured_media":0,"parent":0,"menu_order":0,"comment_status":"closed","ping_status":"closed","template":"page-templates\/page_fullwidth.php","meta":{"_bbp_topic_count":0,"_bbp_reply_count":0,"_bbp_total_topic_count":0,"_bbp_total_reply_count":0,"_bbp_voice_count":0,"_bbp_anonymous_reply_count":0,"_bbp_topic_count_hidden":0,"_bbp_reply_count_hidden":0,"_bbp_forum_subforum_count":0,"footnotes":""},"_links":{"self":[{"href":"https:\/\/www.mascabezamenosalcohol.com\/menosalcohol\/wp-json\/wp\/v2\/pages\/212"}],"collection":[{"href":"https:\/\/www.mascabezamenosalcohol.com\/menosalcohol\/wp-json\/wp\/v2\/pages"}],"about":[{"href":"https:\/\/www.mascabezamenosalcohol.com\/menosalcohol\/wp-json\/wp\/v2\/types\/page"}],"author":[{"embeddable":true,"href":"https:\/\/www.mascabezamenosalcohol.com\/menosalcohol\/wp-json\/wp\/v2\/users\/1"}],"replies":[{"embeddable":true,"href":"https:\/\/www.mascabezamenosalcohol.com\/menosalcohol\/wp-json\/wp\/v2\/comments?post=212"}],"version-history":[{"count":8,"href":"https:\/\/www.mascabezamenosalcohol.com\/menosalcohol\/wp-json\/wp\/v2\/pages\/212\/revisions"}],"predecessor-version":[{"id":600,"href":"https:\/\/www.mascabezamenosalcohol.com\/menosalcohol\/wp-json\/wp\/v2\/pages\/212\/revisions\/600"}],"wp:attachment":[{"href":"https:\/\/www.mascabezamenosalcohol.com\/menosalcohol\/wp-json\/wp\/v2\/media?parent=212"}],"curies":[{"name":"wp","href":"https:\/\/api.w.org\/{rel}","templated":true}]}}